{"id":18225,"date":"2021-12-19T08:23:13","date_gmt":"2021-12-19T07:23:13","guid":{"rendered":"https:\/\/www.volleyballkilb.at\/?page_id=18225"},"modified":"2025-09-13T15:46:33","modified_gmt":"2025-09-13T13:46:33","slug":"vereinskollektion","status":"publish","type":"page","link":"https:\/\/www.volleyballkilb.at\/?page_id=18225","title":{"rendered":"Vereinskollektion"},"content":{"rendered":"\n<p>Hier findest du Sportkleidung, Trainingsanz\u00fcge und Sportzubeh\u00f6r im VCU-Design.<\/p>\n\n\n\n<div class=\"wp-block-buttons is-layout-flex wp-block-buttons-is-layout-flex\">\n<div class=\"wp-block-button\"><a class=\"wp-block-button__link wp-element-button\" href=\"https:\/\/www.11teamsports.com\/at-de\/clubshop\/vcu-kilb\/\" target=\"_blank\" rel=\"noreferrer noopener\">11teamsports Onlineshop<\/a><\/div>\n<\/div>\n\n\n\n<p>Viel Spa\u00df beim Einkaufen.<\/p>\n\n\n\n<p><\/p>\n","protected":false},"excerpt":{"rendered":"<p>Hier findest du Sportkleidung, Trainingsanz\u00fcge und Sportzubeh\u00f6r im VCU-Design. Viel Spa\u00df beim Einkaufen.<\/p>\n","protected":false},"author":2,"featured_media":0,"parent":0,"menu_order":0,"comment_status":"closed","ping_status":"closed","template":"","meta":{"footnotes":""},"class_list":["post-18225","page","type-page","status-publish","hentry","nodate","item-wrap"],"_links":{"self":[{"href":"https:\/\/www.volleyballkilb.at\/index.php?rest_route=\/wp\/v2\/pages\/18225","targetHints":{"allow":["GET"]}}],"collection":[{"href":"https:\/\/www.volleyballkilb.at\/index.php?rest_route=\/wp\/v2\/pages"}],"about":[{"href":"https:\/\/www.volleyballkilb.at\/index.php?rest_route=\/wp\/v2\/types\/page"}],"author":[{"embeddable":true,"href":"https:\/\/www.volleyballkilb.at\/index.php?rest_route=\/wp\/v2\/users\/2"}],"replies":[{"embeddable":true,"href":"https:\/\/www.volleyballkilb.at\/index.php?rest_route=%2Fwp%2Fv2%2Fcomments&post=18225"}],"version-history":[{"count":6,"href":"https:\/\/www.volleyballkilb.at\/index.php?rest_route=\/wp\/v2\/pages\/18225\/revisions"}],"predecessor-version":[{"id":18788,"href":"https:\/\/www.volleyballkilb.at\/index.php?rest_route=\/wp\/v2\/pages\/18225\/revisions\/18788"}],"wp:attachment":[{"href":"https:\/\/www.volleyballkilb.at\/index.php?rest_route=%2Fwp%2Fv2%2Fmedia&parent=18225"}],"curies":[{"name":"wp","href":"https:\/\/api.w.org\/{rel}","templated":true}]}}