{"id":411,"date":"2017-09-25T13:27:49","date_gmt":"2017-09-25T11:27:49","guid":{"rendered":"http:\/\/www.volleyballkilb.at\/?page_id=411"},"modified":"2017-10-02T20:20:48","modified_gmt":"2017-10-02T18:20:48","slug":"unterstuetze-den-vcu","status":"publish","type":"page","link":"https:\/\/www.volleyballkilb.at\/?page_id=411","title":{"rendered":"Unterst\u00fctze den VCU"},"content":{"rendered":"<p>Wir sind ein kleiner Verein, der sich durch Mitgliedsbeitr\u00e4ge, Sponsoren und das Organisieren von Veranstaltungen finanziert.<\/p>\n<p>Wenn du den Volleyballsport durch eine kleine Spende unterst\u00fctzen m\u00f6chtest w\u00fcrden wir uns sehr freuen dich als unters\u00fctzendes Mitglied bei uns begr\u00fc\u00dfen zu d\u00fcrfen.<\/p>\n<p>Melde dich einfach bei einem unserer Vorstandsmitglieder oder \u00fcberweise gleich direkt auf unser Vereinskonto und gib als Zahlungsreferenz &#8222;Unterst\u00fctzendes Mitglied&#8220; an.<\/p>\n<p>Der VCU Raika Kilb freut sich \u00fcber jede Unterst\u00fctzung.<\/p>\n<p>&nbsp;<\/p>\n<p>Kontoinhaber: VCU Raika Kilb<\/p>\n<p>IBAN: AT40 3247 7000 0020 7274<\/p>\n","protected":false},"excerpt":{"rendered":"<p>Wir sind ein kleiner Verein, der sich durch Mitgliedsbeitr\u00e4ge, Sponsoren und das Organisieren von Veranstaltungen finanziert. Wenn du den Volleyballsport durch eine kleine Spende unterst\u00fctzen m\u00f6chtest w\u00fcrden wir uns sehr freuen dich als unters\u00fctzendes Mitglied bei uns begr\u00fc\u00dfen zu d\u00fcrfen. Melde dich einfach bei einem unserer Vorstandsmitglieder oder \u00fcberweise gleich direkt auf unser Vereinskonto und &hellip; <\/p>\n<p><a class=\"more-link btn\" href=\"https:\/\/www.volleyballkilb.at\/?page_id=411\">Weiterlesen<\/a><\/p>\n","protected":false},"author":2,"featured_media":0,"parent":11,"menu_order":0,"comment_status":"closed","ping_status":"closed","template":"","meta":{"footnotes":""},"class_list":["post-411","page","type-page","status-publish","hentry","nodate","item-wrap"],"_links":{"self":[{"href":"https:\/\/www.volleyballkilb.at\/index.php?rest_route=\/wp\/v2\/pages\/411","targetHints":{"allow":["GET"]}}],"collection":[{"href":"https:\/\/www.volleyballkilb.at\/index.php?rest_route=\/wp\/v2\/pages"}],"about":[{"href":"https:\/\/www.volleyballkilb.at\/index.php?rest_route=\/wp\/v2\/types\/page"}],"author":[{"embeddable":true,"href":"https:\/\/www.volleyballkilb.at\/index.php?rest_route=\/wp\/v2\/users\/2"}],"replies":[{"embeddable":true,"href":"https:\/\/www.volleyballkilb.at\/index.php?rest_route=%2Fwp%2Fv2%2Fcomments&post=411"}],"version-history":[{"count":2,"href":"https:\/\/www.volleyballkilb.at\/index.php?rest_route=\/wp\/v2\/pages\/411\/revisions"}],"predecessor-version":[{"id":510,"href":"https:\/\/www.volleyballkilb.at\/index.php?rest_route=\/wp\/v2\/pages\/411\/revisions\/510"}],"up":[{"embeddable":true,"href":"https:\/\/www.volleyballkilb.at\/index.php?rest_route=\/wp\/v2\/pages\/11"}],"wp:attachment":[{"href":"https:\/\/www.volleyballkilb.at\/index.php?rest_route=%2Fwp%2Fv2%2Fmedia&parent=411"}],"curies":[{"name":"wp","href":"https:\/\/api.w.org\/{rel}","templated":true}]}}